{"id":1044,"date":"2020-01-15T08:51:20","date_gmt":"2020-01-15T08:51:20","guid":{"rendered":"http:\/\/colectivaxxk.net\/?page_id=1044"},"modified":"2020-02-27T08:45:38","modified_gmt":"2020-02-27T08:45:38","slug":"against-epics","status":"publish","type":"page","link":"https:\/\/colectivaxxk.net\/en\/against-epics\/","title":{"rendered":"Against epics"},"content":{"rendered":"<section class=\"l-section wpb_row height_small\"><div class=\"l-section-h i-cf\"><div class=\"g-cols vc_row via_flex valign_top type_default stacking_default\" style=\"--additional-gap:50px;\"><div class=\"vc_col-sm-12 wpb_column vc_column_container\"><div class=\"vc_column-inner\"><div class=\"wpb_wrapper\"><div class=\"g-cols wpb_row via_flex valign_top type_default stacking_default\"><div class=\"vc_col-sm-8 wpb_column vc_column_container\"><div class=\"vc_column-inner\"><div class=\"wpb_wrapper\"><h1 class=\"w-post-elm post_title entry-title color_link_inherit\">Against epics<\/h1><div class=\"wpb_text_column\"><div class=\"wpb_wrapper\"><p>Some things that happen and some things that we do might not fit in classical tabs such as who, how, what. You can find all those unclassifiable, weird or queer events here. Counterepics is their tab.<\/p>\n<\/div><\/div><\/div><\/div><\/div><div class=\"vc_col-sm-4 wpb_column vc_column_container\"><div class=\"vc_column-inner\"><div class=\"wpb_wrapper\"><\/div><\/div><\/div><\/div><div class=\"w-separator size_medium\"><\/div><div class=\"g-cols wpb_row via_flex valign_top type_default stacking_default\"><div class=\"vc_col-sm-12 wpb_column vc_column_container\"><div class=\"vc_column-inner\"><div class=\"wpb_wrapper\"><div class=\"w-grid type_masonry layout_442 cols_3 overflow_hidden with_isotope\" id=\"us_grid_1\" style=\"--gap:1.5rem;\" data-filterable=\"true\"><style>@media (max-width:1024px){#us_grid_1 .w-grid-item{width:50%}}@media (max-width:600px){#us_grid_1 .w-grid-list{margin:0}#us_grid_1 .w-grid-item{width:100%;padding:0;margin-bottom:var(--gap,0px)}}.layout_442 .w-grid-item-h{}.layout_442 .usg_post_image_1{transition-duration:0.3s;transform-origin:50% 50%;transform:scale(1) translate(0%,0%)}.layout_442 .w-grid-item-h:hover .usg_post_image_1{transform:scale(1) translate(0%,5%);opacity:1}@media(max-width:599px){.layout_442 .usg_post_date_1{display:none!important}}.layout_442 .usg_post_image_1{width:50%!important}.layout_442 .usg_vwrapper_1{width:50%!important;margin-right:0!important}.layout_442 .usg_hwrapper_2{margin-bottom:0!important}.layout_442 .usg_post_date_1{color:#999999!important;font-weight:400!important;font-size:16px!important;line-height:1.4!important}.layout_442 .usg_post_title_1{color:#1a1a1a!important;font-size:1.4rem!important;line-height:1.2!important;margin-bottom:0!important;margin-right:-35%!important;padding-top:1rem!important;padding-bottom:1rem!important;padding-right:1.2rem!important;background:#ffffff!important}@media (min-width:1025px) and (max-width:1380px){.layout_442 .usg_post_image_1{width:50%!important}.layout_442 .usg_vwrapper_1{width:50%!important;margin-right:0!important}.layout_442 .usg_hwrapper_2{margin-bottom:0!important}.layout_442 .usg_post_date_1{color:#999999!important;font-weight:400!important;font-size:16px!important;line-height:1.4!important}.layout_442 .usg_post_title_1{color:#1a1a1a!important;font-size:1.4rem!important;line-height:1.2!important;margin-bottom:0!important;margin-right:-35%!important;padding-top:1rem!important;padding-bottom:1rem!important;padding-right:1.2rem!important;background:#ffffff!important}}@media (min-width:601px) and (max-width:1024px){.layout_442 .usg_post_image_1{width:50%!important}.layout_442 .usg_vwrapper_1{width:50%!important;margin-right:0!important}.layout_442 .usg_hwrapper_2{margin-bottom:0!important}.layout_442 .usg_post_date_1{color:#999999!important;font-weight:400!important;font-size:16px!important;line-height:1.4!important}.layout_442 .usg_post_title_1{color:#1a1a1a!important;font-size:1.4rem!important;line-height:1.2!important;margin-bottom:0!important;margin-right:-35%!important;padding-top:1rem!important;padding-bottom:1rem!important;padding-right:1.2rem!important;background:#ffffff!important}}@media (max-width:600px){.layout_442 .usg_post_title_1{font-size:1.2rem!important;margin-right:0!important;padding-bottom:0!important}}<\/style><div class=\"w-grid-list\">\t<article class=\"w-grid-item size_1x1 post-2145 post type-post status-publish format-standard has-post-thumbnail hentry category-againts-epics\" data-id=\"2145\">\r\n\t\t<div class=\"w-grid-item-h\">\r\n\t\t\t\t\t\t<div class=\"w-hwrapper usg_hwrapper_1 align_left valign_top\"><div class=\"w-vwrapper usg_vwrapper_1 align_left valign_top\"><div class=\"w-hwrapper usg_hwrapper_2 align_left valign_top wrap\"><time class=\"w-post-elm post_date usg_post_date_1 has_text_color entry-date published\" datetime=\"2023-09-01T11:41:02+00:00\"><i class=\"fas fa-calendar\"><\/i>1 September 2023<\/time><\/div><h2 class=\"w-post-elm post_title usg_post_title_1 has_text_color entry-title color_link_inherit\"><a href=\"https:\/\/colectivaxxk.net\/en\/xxk-enredada-en-la-constelacion-de-los-comunes\/\">XXK mixed up in the Constellation of the Commons<\/a><\/h2><\/div><div class=\"w-post-elm post_image usg_post_image_1 has_width stretched\"><a href=\"https:\/\/colectivaxxk.net\/en\/xxk-enredada-en-la-constelacion-de-los-comunes\/\" aria-label=\"XXK mixed up in the Constellation of the Commons\"><img loading=\"lazy\" decoding=\"async\" width=\"1024\" height=\"450\" src=\"https:\/\/colectivaxxk.net\/wp-content\/uploads\/2023\/09\/CC_map-1024x450.jpg\" class=\"attachment-large size-large wp-post-image\" alt=\"\" srcset=\"https:\/\/colectivaxxk.net\/wp-content\/uploads\/2023\/09\/CC_map-1024x450.jpg 1024w, https:\/\/colectivaxxk.net\/wp-content\/uploads\/2023\/09\/CC_map-300x132.jpg 300w, https:\/\/colectivaxxk.net\/wp-content\/uploads\/2023\/09\/CC_map.jpg 1342w\" sizes=\"auto, (max-width: 1024px) 100vw, 1024px\" \/><\/a><\/div><\/div>\t\t<\/div>\r\n\t<\/article>\r\n\t<article class=\"w-grid-item size_1x1 post-2083 post type-post status-publish format-standard has-post-thumbnail hentry category-contraepicas\" data-id=\"2083\">\r\n\t\t<div class=\"w-grid-item-h\">\r\n\t\t\t\t\t\t<div class=\"w-hwrapper usg_hwrapper_1 align_left valign_top\"><div class=\"w-vwrapper usg_vwrapper_1 align_left valign_top\"><div class=\"w-hwrapper usg_hwrapper_2 align_left valign_top wrap\"><time class=\"w-post-elm post_date usg_post_date_1 has_text_color entry-date published\" datetime=\"2023-02-24T10:57:33+00:00\"><i class=\"fas fa-calendar\"><\/i>24 February 2023<\/time><\/div><h2 class=\"w-post-elm post_title usg_post_title_1 has_text_color entry-title color_link_inherit\"><a href=\"https:\/\/colectivaxxk.net\/en\/feminismo-en-la-economia-social-transformadora\/\">Feminismo en la econom\u00eda social transformadora<\/a><\/h2><\/div><div class=\"w-post-elm post_image usg_post_image_1 has_width stretched\"><a href=\"https:\/\/colectivaxxk.net\/en\/feminismo-en-la-economia-social-transformadora\/\" aria-label=\"Feminismo en la econom\u00eda social transformadora\"><img loading=\"lazy\" decoding=\"async\" width=\"1024\" height=\"518\" src=\"https:\/\/colectivaxxk.net\/wp-content\/uploads\/2023\/02\/me-cambio-1024x518.jpg\" class=\"attachment-large size-large wp-post-image\" alt=\"\" srcset=\"https:\/\/colectivaxxk.net\/wp-content\/uploads\/2023\/02\/me-cambio-1024x518.jpg 1024w, https:\/\/colectivaxxk.net\/wp-content\/uploads\/2023\/02\/me-cambio-300x152.jpg 300w, https:\/\/colectivaxxk.net\/wp-content\/uploads\/2023\/02\/me-cambio.jpg 1074w\" sizes=\"auto, (max-width: 1024px) 100vw, 1024px\" \/><\/a><\/div><\/div>\t\t<\/div>\r\n\t<\/article>\r\n\t<article class=\"w-grid-item size_1x1 post-1885 post type-post status-publish format-standard has-post-thumbnail hentry category-againts-epics\" data-id=\"1885\">\r\n\t\t<div class=\"w-grid-item-h\">\r\n\t\t\t\t\t\t<div class=\"w-hwrapper usg_hwrapper_1 align_left valign_top\"><div class=\"w-vwrapper usg_vwrapper_1 align_left valign_top\"><div class=\"w-hwrapper usg_hwrapper_2 align_left valign_top wrap\"><time class=\"w-post-elm post_date usg_post_date_1 has_text_color entry-date published\" datetime=\"2022-07-15T11:49:02+00:00\"><i class=\"fas fa-calendar\"><\/i>15 July 2022<\/time><\/div><h2 class=\"w-post-elm post_title usg_post_title_1 has_text_color entry-title color_link_inherit\"><a href=\"https:\/\/colectivaxxk.net\/en\/cuidados-en-revuelta\/\">Care is a riot<\/a><\/h2><\/div><div class=\"w-post-elm post_image usg_post_image_1 has_width stretched\"><a href=\"https:\/\/colectivaxxk.net\/en\/cuidados-en-revuelta\/\" aria-label=\"Care is a riot\"><img loading=\"lazy\" decoding=\"async\" width=\"1024\" height=\"641\" src=\"https:\/\/colectivaxxk.net\/wp-content\/uploads\/2022\/07\/bilborock-3-1024x641.jpg\" class=\"attachment-large size-large wp-post-image\" alt=\"\" srcset=\"https:\/\/colectivaxxk.net\/wp-content\/uploads\/2022\/07\/bilborock-3-1024x641.jpg 1024w, https:\/\/colectivaxxk.net\/wp-content\/uploads\/2022\/07\/bilborock-3-300x188.jpg 300w, https:\/\/colectivaxxk.net\/wp-content\/uploads\/2022\/07\/bilborock-3.jpg 1280w\" sizes=\"auto, (max-width: 1024px) 100vw, 1024px\" \/><\/a><\/div><\/div>\t\t<\/div>\r\n\t<\/article>\r\n\t<article class=\"w-grid-item size_1x1 post-1904 post type-post status-publish format-standard has-post-thumbnail hentry category-againts-epics\" data-id=\"1904\">\r\n\t\t<div class=\"w-grid-item-h\">\r\n\t\t\t\t\t\t<div class=\"w-hwrapper usg_hwrapper_1 align_left valign_top\"><div class=\"w-vwrapper usg_vwrapper_1 align_left valign_top\"><div class=\"w-hwrapper usg_hwrapper_2 align_left valign_top wrap\"><time class=\"w-post-elm post_date usg_post_date_1 has_text_color entry-date published\" datetime=\"2022-07-01T13:42:16+00:00\"><i class=\"fas fa-calendar\"><\/i>1 July 2022<\/time><\/div><h2 class=\"w-post-elm post_title usg_post_title_1 has_text_color entry-title color_link_inherit\"><a href=\"https:\/\/colectivaxxk.net\/en\/idearia-2022-economia-social-solidaria-y-cuidados\/\">Idearia 2022: care and the social and solidarity economy<\/a><\/h2><\/div><div class=\"w-post-elm post_image usg_post_image_1 has_width stretched\"><a href=\"https:\/\/colectivaxxk.net\/en\/idearia-2022-economia-social-solidaria-y-cuidados\/\" aria-label=\"Idearia 2022: care and the social and solidarity economy\"><img loading=\"lazy\" decoding=\"async\" width=\"1024\" height=\"768\" src=\"https:\/\/colectivaxxk.net\/wp-content\/uploads\/2022\/07\/FVhn0chXoAAt4Jk-1024x768.jpg\" class=\"attachment-large size-large wp-post-image\" alt=\"\" srcset=\"https:\/\/colectivaxxk.net\/wp-content\/uploads\/2022\/07\/FVhn0chXoAAt4Jk-1024x768.jpg 1024w, https:\/\/colectivaxxk.net\/wp-content\/uploads\/2022\/07\/FVhn0chXoAAt4Jk-300x225.jpg 300w, https:\/\/colectivaxxk.net\/wp-content\/uploads\/2022\/07\/FVhn0chXoAAt4Jk-1536x1152.jpg 1536w, https:\/\/colectivaxxk.net\/wp-content\/uploads\/2022\/07\/FVhn0chXoAAt4Jk-2048x1536.jpg 2048w\" sizes=\"auto, (max-width: 1024px) 100vw, 1024px\" \/><\/a><\/div><\/div>\t\t<\/div>\r\n\t<\/article>\r\n\t<article class=\"w-grid-item size_1x1 post-1701 post type-post status-publish format-standard has-post-thumbnail hentry category-contraepicas\" data-id=\"1701\">\r\n\t\t<div class=\"w-grid-item-h\">\r\n\t\t\t\t\t\t<div class=\"w-hwrapper usg_hwrapper_1 align_left valign_top\"><div class=\"w-vwrapper usg_vwrapper_1 align_left valign_top\"><div class=\"w-hwrapper usg_hwrapper_2 align_left valign_top wrap\"><time class=\"w-post-elm post_date usg_post_date_1 has_text_color entry-date published\" datetime=\"2021-07-14T16:37:23+00:00\"><i class=\"fas fa-calendar\"><\/i>14 July 2021<\/time><\/div><h2 class=\"w-post-elm post_title usg_post_title_1 has_text_color entry-title color_link_inherit\"><a href=\"https:\/\/colectivaxxk.net\/en\/vii-congreso-de-economia-feminista\/\">VII Congreso de econom\u00eda Feminista<\/a><\/h2><\/div><div class=\"w-post-elm post_image usg_post_image_1 has_width stretched\"><a href=\"https:\/\/colectivaxxk.net\/en\/vii-congreso-de-economia-feminista\/\" aria-label=\"VII Congreso de econom\u00eda Feminista\"><img loading=\"lazy\" decoding=\"async\" width=\"545\" height=\"698\" src=\"https:\/\/colectivaxxk.net\/wp-content\/uploads\/2021\/07\/congreso-EF.png\" class=\"attachment-large size-large wp-post-image\" alt=\"\" srcset=\"https:\/\/colectivaxxk.net\/wp-content\/uploads\/2021\/07\/congreso-EF.png 545w, https:\/\/colectivaxxk.net\/wp-content\/uploads\/2021\/07\/congreso-EF-234x300.png 234w\" sizes=\"auto, (max-width: 545px) 100vw, 545px\" \/><\/a><\/div><\/div>\t\t<\/div>\r\n\t<\/article>\r\n\t<article class=\"w-grid-item size_1x1 post-1692 post type-post status-publish format-standard has-post-thumbnail hentry category-contraepicas\" data-id=\"1692\">\r\n\t\t<div class=\"w-grid-item-h\">\r\n\t\t\t\t\t\t<div class=\"w-hwrapper usg_hwrapper_1 align_left valign_top\"><div class=\"w-vwrapper usg_vwrapper_1 align_left valign_top\"><div class=\"w-hwrapper usg_hwrapper_2 align_left valign_top wrap\"><time class=\"w-post-elm post_date usg_post_date_1 has_text_color entry-date published\" datetime=\"2021-06-03T16:05:12+00:00\"><i class=\"fas fa-calendar\"><\/i>3 June 2021<\/time><\/div><h2 class=\"w-post-elm post_title usg_post_title_1 has_text_color entry-title color_link_inherit\"><a href=\"https:\/\/colectivaxxk.net\/en\/ofensiva-corporativa-contra-los-cuidados\/\">Ofensiva corporativa contra los cuidados<\/a><\/h2><\/div><div class=\"w-post-elm post_image usg_post_image_1 has_width stretched\"><a href=\"https:\/\/colectivaxxk.net\/en\/ofensiva-corporativa-contra-los-cuidados\/\" aria-label=\"Ofensiva corporativa contra los cuidados\"><img loading=\"lazy\" decoding=\"async\" width=\"724\" height=\"1024\" src=\"https:\/\/colectivaxxk.net\/wp-content\/uploads\/2021\/07\/PC-y-cuidados-724x1024.jpg\" class=\"attachment-large size-large wp-post-image\" alt=\"\" srcset=\"https:\/\/colectivaxxk.net\/wp-content\/uploads\/2021\/07\/PC-y-cuidados-724x1024.jpg 724w, https:\/\/colectivaxxk.net\/wp-content\/uploads\/2021\/07\/PC-y-cuidados-212x300.jpg 212w, https:\/\/colectivaxxk.net\/wp-content\/uploads\/2021\/07\/PC-y-cuidados-1086x1536.jpg 1086w, https:\/\/colectivaxxk.net\/wp-content\/uploads\/2021\/07\/PC-y-cuidados.jpg 1414w\" sizes=\"auto, (max-width: 724px) 100vw, 724px\" \/><\/a><\/div><\/div>\t\t<\/div>\r\n\t<\/article>\r\n\t<article class=\"w-grid-item size_1x1 post-1606 post type-post status-publish format-standard has-post-thumbnail hentry category-contraepicas\" data-id=\"1606\">\r\n\t\t<div class=\"w-grid-item-h\">\r\n\t\t\t\t\t\t<div class=\"w-hwrapper usg_hwrapper_1 align_left valign_top\"><div class=\"w-vwrapper usg_vwrapper_1 align_left valign_top\"><div class=\"w-hwrapper usg_hwrapper_2 align_left valign_top wrap\"><time class=\"w-post-elm post_date usg_post_date_1 has_text_color entry-date published\" datetime=\"2021-06-02T11:57:15+00:00\"><i class=\"fas fa-calendar\"><\/i>2 June 2021<\/time><\/div><h2 class=\"w-post-elm post_title usg_post_title_1 has_text_color entry-title color_link_inherit\"><a href=\"https:\/\/colectivaxxk.net\/en\/cuidados-y-diversidad-funcional\/\">Cuidados y diversidad funcional<\/a><\/h2><\/div><div class=\"w-post-elm post_image usg_post_image_1 has_width stretched\"><a href=\"https:\/\/colectivaxxk.net\/en\/cuidados-y-diversidad-funcional\/\" aria-label=\"Cuidados y diversidad funcional\"><img loading=\"lazy\" decoding=\"async\" width=\"1024\" height=\"539\" src=\"https:\/\/colectivaxxk.net\/wp-content\/uploads\/2021\/06\/observatorio-feminismo-y-discapacidad-1024x539.png\" class=\"attachment-large size-large wp-post-image\" alt=\"\" srcset=\"https:\/\/colectivaxxk.net\/wp-content\/uploads\/2021\/06\/observatorio-feminismo-y-discapacidad-1024x539.png 1024w, https:\/\/colectivaxxk.net\/wp-content\/uploads\/2021\/06\/observatorio-feminismo-y-discapacidad-300x158.png 300w, https:\/\/colectivaxxk.net\/wp-content\/uploads\/2021\/06\/observatorio-feminismo-y-discapacidad.png 1313w\" sizes=\"auto, (max-width: 1024px) 100vw, 1024px\" \/><\/a><\/div><\/div>\t\t<\/div>\r\n\t<\/article>\r\n\t<article class=\"w-grid-item size_1x1 post-1593 post type-post status-publish format-standard has-post-thumbnail hentry category-againts-epics\" data-id=\"1593\">\r\n\t\t<div class=\"w-grid-item-h\">\r\n\t\t\t\t\t\t<div class=\"w-hwrapper usg_hwrapper_1 align_left valign_top\"><div class=\"w-vwrapper usg_vwrapper_1 align_left valign_top\"><div class=\"w-hwrapper usg_hwrapper_2 align_left valign_top wrap\"><time class=\"w-post-elm post_date usg_post_date_1 has_text_color entry-date published\" datetime=\"2021-03-12T10:13:24+00:00\"><i class=\"fas fa-calendar\"><\/i>12 March 2021<\/time><\/div><h2 class=\"w-post-elm post_title usg_post_title_1 has_text_color entry-title color_link_inherit\"><a href=\"https:\/\/colectivaxxk.net\/en\/what-if-the-hamster-stopped-turning-the-capitalist-wheel\/\">What if the hamster stopped turning the capitalist wheel?<\/a><\/h2><\/div><div class=\"w-post-elm post_image usg_post_image_1 has_width stretched\"><a href=\"https:\/\/colectivaxxk.net\/en\/what-if-the-hamster-stopped-turning-the-capitalist-wheel\/\" aria-label=\"What if the hamster stopped turning the capitalist wheel?\"><img loading=\"lazy\" decoding=\"async\" width=\"660\" height=\"934\" src=\"https:\/\/colectivaxxk.net\/wp-content\/uploads\/2021\/03\/hamster_eng.png\" class=\"attachment-large size-large wp-post-image\" alt=\"\" srcset=\"https:\/\/colectivaxxk.net\/wp-content\/uploads\/2021\/03\/hamster_eng.png 660w, https:\/\/colectivaxxk.net\/wp-content\/uploads\/2021\/03\/hamster_eng-212x300.png 212w\" sizes=\"auto, (max-width: 660px) 100vw, 660px\" \/><\/a><\/div><\/div>\t\t<\/div>\r\n\t<\/article>\r\n\t<article class=\"w-grid-item size_1x1 post-1685 post type-post status-publish format-standard has-post-thumbnail hentry category-contraepicas\" data-id=\"1685\">\r\n\t\t<div class=\"w-grid-item-h\">\r\n\t\t\t\t\t\t<div class=\"w-hwrapper usg_hwrapper_1 align_left valign_top\"><div class=\"w-vwrapper usg_vwrapper_1 align_left valign_top\"><div class=\"w-hwrapper usg_hwrapper_2 align_left valign_top wrap\"><time class=\"w-post-elm post_date usg_post_date_1 has_text_color entry-date published\" datetime=\"2021-02-14T15:43:18+00:00\"><i class=\"fas fa-calendar\"><\/i>14 February 2021<\/time><\/div><h2 class=\"w-post-elm post_title usg_post_title_1 has_text_color entry-title color_link_inherit\"><a href=\"https:\/\/colectivaxxk.net\/en\/conversando-con-ela-sobre-cuidados\/\">Conversando con ELA sobre cuidados<\/a><\/h2><\/div><div class=\"w-post-elm post_image usg_post_image_1 has_width stretched\"><a href=\"https:\/\/colectivaxxk.net\/en\/conversando-con-ela-sobre-cuidados\/\" aria-label=\"Conversando con ELA sobre cuidados\"><img loading=\"lazy\" decoding=\"async\" width=\"926\" height=\"532\" src=\"https:\/\/colectivaxxk.net\/wp-content\/uploads\/2021\/07\/alda.png\" class=\"attachment-large size-large wp-post-image\" alt=\"\" srcset=\"https:\/\/colectivaxxk.net\/wp-content\/uploads\/2021\/07\/alda.png 926w, https:\/\/colectivaxxk.net\/wp-content\/uploads\/2021\/07\/alda-300x172.png 300w\" sizes=\"auto, (max-width: 926px) 100vw, 926px\" \/><\/a><\/div><\/div>\t\t<\/div>\r\n\t<\/article>\r\n\t<article class=\"w-grid-item size_1x1 post-2281 post type-post status-publish format-standard has-post-thumbnail hentry category-contraepicas\" data-id=\"2281\">\r\n\t\t<div class=\"w-grid-item-h\">\r\n\t\t\t\t\t\t<div class=\"w-hwrapper usg_hwrapper_1 align_left valign_top\"><div class=\"w-vwrapper usg_vwrapper_1 align_left valign_top\"><div class=\"w-hwrapper usg_hwrapper_2 align_left valign_top wrap\"><time class=\"w-post-elm post_date usg_post_date_1 has_text_color entry-date published\" datetime=\"2020-12-27T11:50:38+00:00\"><i class=\"fas fa-calendar\"><\/i>27 December 2020<\/time><\/div><h2 class=\"w-post-elm post_title usg_post_title_1 has_text_color entry-title color_link_inherit\"><a href=\"https:\/\/colectivaxxk.net\/en\/sera-habitable-o-no-sera\/\">Ser\u00e1 habitable o no ser\u00e1<\/a><\/h2><\/div><div class=\"w-post-elm post_image usg_post_image_1 has_width stretched\"><a href=\"https:\/\/colectivaxxk.net\/en\/sera-habitable-o-no-sera\/\" aria-label=\"Ser\u00e1 habitable o no ser\u00e1\"><img loading=\"lazy\" decoding=\"async\" width=\"387\" height=\"492\" src=\"https:\/\/colectivaxxk.net\/wp-content\/uploads\/2020\/12\/SER\u00c1-HABITABLE-O-NO-SER\u00c1.png\" class=\"attachment-large size-large wp-post-image\" alt=\"\" srcset=\"https:\/\/colectivaxxk.net\/wp-content\/uploads\/2020\/12\/SER\u00c1-HABITABLE-O-NO-SER\u00c1.png 387w, https:\/\/colectivaxxk.net\/wp-content\/uploads\/2020\/12\/SER\u00c1-HABITABLE-O-NO-SER\u00c1-236x300.png 236w\" sizes=\"auto, (max-width: 387px) 100vw, 387px\" \/><\/a><\/div><\/div>\t\t<\/div>\r\n\t<\/article>\r\n<\/div><div class=\"w-grid-preloader\">\t<div class=\"g-preloader type_1\">\r\n\t\t<div><\/div>\r\n\t<\/div>\r\n\t<\/div>\t<div class=\"w-grid-json hidden\" onclick='return {&quot;action&quot;:&quot;us_ajax_grid&quot;,&quot;ajax_url&quot;:&quot;https:\\\/\\\/colectivaxxk.net\\\/wp-admin\\\/admin-ajax.php&quot;,&quot;infinite_scroll&quot;:0,&quot;max_num_pages&quot;:3,&quot;pagination&quot;:&quot;none&quot;,&quot;template_vars&quot;:{&quot;columns&quot;:&quot;3&quot;,&quot;exclude_items&quot;:&quot;none&quot;,&quot;img_size&quot;:&quot;default&quot;,&quot;ignore_items_size&quot;:0,&quot;items_layout&quot;:&quot;442&quot;,&quot;items_offset&quot;:&quot;1&quot;,&quot;load_animation&quot;:&quot;none&quot;,&quot;overriding_link&quot;:&quot;{\\&quot;url\\&quot;:\\&quot;\\&quot;}&quot;,&quot;post_id&quot;:0,&quot;query_args&quot;:{&quot;post_type&quot;:[&quot;post&quot;],&quot;tax_query&quot;:[{&quot;taxonomy&quot;:&quot;category&quot;,&quot;field&quot;:&quot;slug&quot;,&quot;terms&quot;:[&quot;contraepicas&quot;]}],&quot;post_status&quot;:[&quot;publish&quot;],&quot;posts_per_page&quot;:&quot;10&quot;},&quot;orderby_query_args&quot;:{&quot;orderby&quot;:{&quot;date&quot;:&quot;DESC&quot;}},&quot;type&quot;:&quot;masonry&quot;,&quot;us_grid_ajax_index&quot;:1,&quot;us_grid_filter_params&quot;:[],&quot;us_grid_index&quot;:1,&quot;_us_grid_post_type&quot;:&quot;post&quot;,&quot;page_args&quot;:[],&quot;lang&quot;:&quot;en&quot;}}'><\/div>\r\n\t<\/div><\/div><\/div><\/div><\/div><\/div><\/div><\/div><\/div><\/div><\/section>\n","protected":false},"excerpt":{"rendered":"Ser\u00e1 habitable o no ser\u00e1: apuntes feministas para nuestras organizaciones (peque\u00f1as) Silvia Piris, Eva S\u00e1enz de Ugarte, Txelu Balboa y Zaloa P\u00e9rez (2020), Colectiva XXK, Equipare, Colaborabora y REAS-Euskadi &nbsp;","protected":false},"author":1,"featured_media":0,"parent":0,"menu_order":5,"comment_status":"closed","ping_status":"closed","template":"","meta":{"footnotes":""},"class_list":["post-1044","page","type-page","status-publish","hentry"],"_links":{"self":[{"href":"https:\/\/colectivaxxk.net\/en\/wp-json\/wp\/v2\/pages\/1044","targetHints":{"allow":["GET"]}}],"collection":[{"href":"https:\/\/colectivaxxk.net\/en\/wp-json\/wp\/v2\/pages"}],"about":[{"href":"https:\/\/colectivaxxk.net\/en\/wp-json\/wp\/v2\/types\/page"}],"author":[{"embeddable":true,"href":"https:\/\/colectivaxxk.net\/en\/wp-json\/wp\/v2\/users\/1"}],"replies":[{"embeddable":true,"href":"https:\/\/colectivaxxk.net\/en\/wp-json\/wp\/v2\/comments?post=1044"}],"version-history":[{"count":3,"href":"https:\/\/colectivaxxk.net\/en\/wp-json\/wp\/v2\/pages\/1044\/revisions"}],"predecessor-version":[{"id":1243,"href":"https:\/\/colectivaxxk.net\/en\/wp-json\/wp\/v2\/pages\/1044\/revisions\/1243"}],"wp:attachment":[{"href":"https:\/\/colectivaxxk.net\/en\/wp-json\/wp\/v2\/media?parent=1044"}],"curies":[{"name":"wp","href":"https:\/\/api.w.org\/{rel}","templated":true}]}}